{"id":329,"date":"2025-03-19T11:20:23","date_gmt":"2025-03-19T11:20:23","guid":{"rendered":"https:\/\/helix314.com\/?page_id=329"},"modified":"2025-03-22T20:08:44","modified_gmt":"2025-03-22T20:08:44","slug":"aviso-legal","status":"publish","type":"page","link":"https:\/\/helix314.com\/index.php\/aviso-legal\/","title":{"rendered":"Aviso Legal"},"content":{"rendered":"<p>[et_pb_section fb_built=\u00bb1&#8243; admin_label=\u00bbFeature\u00bb module_id=\u00bbplanes\u00bb module_class=\u00bbplanes\u00bb _builder_version=\u00bb4.27.4&#8243; _module_preset=\u00bbdefault\u00bb overflow-x=\u00bbhidden\u00bb overflow-y=\u00bbhidden\u00bb collapsed=\u00bbon\u00bb global_colors_info=\u00bb{}\u00bb][et_pb_row _builder_version=\u00bb4.27.4&#8243; _module_preset=\u00bbdefault\u00bb transform_scale_tablet=\u00bb\u00bb transform_scale_phone=\u00bb90%|90%\u00bb transform_scale_last_edited=\u00bbon|phone\u00bb transform_translate_tablet=\u00bb\u00bb transform_translate_phone=\u00bb-39px|-8px\u00bb transform_translate_last_edited=\u00bbon|desktop\u00bb transform_translate_linked=\u00bboff\u00bb transform_rotate_tablet=\u00bb\u00bb transform_rotate_phone=\u00bb\u00bb transform_rotate_last_edited=\u00bbon|phone\u00bb transform_skew_tablet=\u00bb\u00bb transform_skew_phone=\u00bb\u00bb transform_skew_last_edited=\u00bbon|phone\u00bb transform_origin_tablet=\u00bb\u00bb transform_origin_phone=\u00bb\u00bb transform_origin_last_edited=\u00bbon|phone\u00bb transform_styles_last_edited=\u00bbon|desktop\u00bb max_width_tablet=\u00bb\u00bb max_width_phone=\u00bb1330%\u00bb max_width_last_edited=\u00bbon|phone\u00bb module_alignment=\u00bbcenter\u00bb transform_styles_tablet=\u00bb\u00bb transform_styles_phone=\u00bb\u00bb global_colors_info=\u00bb{}\u00bb][et_pb_column type=\u00bb4_4&#8243; _builder_version=\u00bb4.20.0&#8243; _module_preset=\u00bbdefault\u00bb hover_enabled=\u00bb0&#8243; global_colors_info=\u00bb{}\u00bb sticky_enabled=\u00bb0&#8243;][et_pb_text _builder_version=\u00bb4.27.4&#8243; _module_preset=\u00bbd7a2c5e5-40b9-45e7-a259-f95b08ae40ac\u00bb hover_enabled=\u00bb0&#8243; global_colors_info=\u00bb{}\u00bb sticky_enabled=\u00bb0&#8243; text_font=\u00bbNoto Sans||||||||\u00bb header_2_font=\u00bbNoto Sans|700|||||||\u00bb]<\/p>\n<h2>Aviso Legal<\/h2>\n<p>[\/et_pb_text][et_pb_text _builder_version=\u00bb4.27.4&#8243; _module_preset=\u00bb8288ded9-9ceb-406f-8999-899a69ed5b6d\u00bb custom_padding=\u00bb|1px||||\u00bb animation_style=\u00bbfold\u00bb hover_enabled=\u00bb0&#8243; global_colors_info=\u00bb{}\u00bb text_font=\u00bbNoto Sans||||||||\u00bb sticky_enabled=\u00bb0&#8243;]<\/p>\n<p data-start=\"121\" data-end=\"150\" class=\"\"><strong data-start=\"121\" data-end=\"150\">Titularidad del Sitio Web<\/strong><\/p>\n<p data-start=\"152\" data-end=\"365\" class=\"\">En cumplimiento con el deber de informaci\u00f3n recogido en el art\u00edculo 10 de la Ley 34\/2002 de Servicios de la Sociedad de la Informaci\u00f3n y Comercio Electr\u00f3nico (LSSI-CE), se informa que el sitio web es propiedad de:<\/p>\n<ul data-start=\"367\" data-end=\"694\">\n<li data-start=\"367\" data-end=\"413\" class=\"\">\n<p data-start=\"369\" data-end=\"413\" class=\"\"><strong data-start=\"369\" data-end=\"386\">Raz\u00f3n social:<\/strong> IMAGINA RC DIGITAL, S.L.<\/p>\n<\/li>\n<li data-start=\"414\" data-end=\"436\" class=\"\">\n<p data-start=\"416\" data-end=\"436\" class=\"\"><strong data-start=\"416\" data-end=\"424\">NIF:<\/strong> B75505321<\/p>\n<\/li>\n<li data-start=\"437\" data-end=\"521\" class=\"\">\n<p data-start=\"439\" data-end=\"521\" class=\"\"><strong data-start=\"439\" data-end=\"460\">Domicilio social:<\/strong> Calle Lucio del Valle, 19, Puerta A \u2013 28003 Madrid, Espa\u00f1a<\/p>\n<\/li>\n<li data-start=\"522\" data-end=\"580\" class=\"\">\n<p data-start=\"524\" data-end=\"580\" class=\"\"><strong data-start=\"524\" data-end=\"559\">Correo electr\u00f3nico de contacto:<\/strong> <a data-start=\"560\" data-end=\"578\" rel=\"noopener\">admin@helix314.com<\/a><\/p>\n<\/li>\n<li data-start=\"581\" data-end=\"694\" class=\"\">\n<p data-start=\"583\" data-end=\"694\" class=\"\"><strong data-start=\"583\" data-end=\"597\">Actividad:<\/strong> Servicios digitales para planificaci\u00f3n de anclaje esquel\u00e9tico y soluciones ortod\u00f3nticas CAD\/CAM.<\/p>\n<\/li>\n<\/ul>\n<p data-start=\"696\" data-end=\"718\" class=\"\"><strong data-start=\"696\" data-end=\"718\">Condiciones de uso<\/strong><\/p>\n<p data-start=\"720\" data-end=\"1026\" class=\"\">El acceso y uso del sitio web atribuye la condici\u00f3n de usuario e implica la aceptaci\u00f3n plena y sin reservas de las presentes condiciones generales. IMAGINA RC DIGITAL, S.L. se reserva el derecho de modificar en cualquier momento y sin previo aviso la presentaci\u00f3n, configuraci\u00f3n y contenidos del sitio web.<\/p>\n<p data-start=\"1028\" data-end=\"1066\" class=\"\"><strong data-start=\"1028\" data-end=\"1066\">Propiedad Intelectual e Industrial<\/strong><\/p>\n<p data-start=\"1068\" data-end=\"1391\" class=\"\">Todos los contenidos del sitio web, incluyendo textos, im\u00e1genes, dise\u00f1o gr\u00e1fico, c\u00f3digo fuente, logos, marcas y dem\u00e1s elementos est\u00e1n protegidos por la legislaci\u00f3n vigente en materia de propiedad intelectual e industrial y son titularidad exclusiva de IMAGINA RC DIGITAL, S.L., o bien de terceros que han autorizado su uso.<\/p>\n<p data-start=\"1393\" data-end=\"1412\" class=\"\"><strong data-start=\"1393\" data-end=\"1412\">Responsabilidad<\/strong><\/p>\n<p data-start=\"1414\" data-end=\"1731\" class=\"\">IMAGINA RC DIGITAL, S.L. no se hace responsable de los errores u omisiones, de los contenidos del sitio web ni de otros contenidos a los que se pueda acceder a trav\u00e9s del mismo, ni de los da\u00f1os derivados del uso del sitio web ni por cualquier actuaci\u00f3n realizada sobre la base de la informaci\u00f3n que en \u00e9l se facilita.<\/p>\n<p>[\/et_pb_text][\/et_pb_column][\/et_pb_row][\/et_pb_section]<\/p>\n","protected":false},"excerpt":{"rendered":"<p>Aviso LegalTitularidad del Sitio Web En cumplimiento con el deber de informaci\u00f3n recogido en el art\u00edculo 10 de la Ley 34\/2002 de Servicios de la Sociedad de la Informaci\u00f3n y Comercio Electr\u00f3nico (LSSI-CE), se informa que el sitio web es propiedad de: Raz\u00f3n social: IMAGINA RC DIGITAL, S.L. NIF: B75505321 Domicilio social: Calle Lucio del [&hellip;]<\/p>\n","protected":false},"author":1,"featured_media":0,"parent":0,"menu_order":0,"comment_status":"closed","ping_status":"closed","template":"","meta":{"_et_pb_use_builder":"on","_et_pb_old_content":"","_et_gb_content_width":"","footnotes":""},"class_list":["post-329","page","type-page","status-publish","hentry"],"_links":{"self":[{"href":"https:\/\/helix314.com\/index.php\/wp-json\/wp\/v2\/pages\/329","targetHints":{"allow":["GET"]}}],"collection":[{"href":"https:\/\/helix314.com\/index.php\/wp-json\/wp\/v2\/pages"}],"about":[{"href":"https:\/\/helix314.com\/index.php\/wp-json\/wp\/v2\/types\/page"}],"author":[{"embeddable":true,"href":"https:\/\/helix314.com\/index.php\/wp-json\/wp\/v2\/users\/1"}],"replies":[{"embeddable":true,"href":"https:\/\/helix314.com\/index.php\/wp-json\/wp\/v2\/comments?post=329"}],"version-history":[{"count":3,"href":"https:\/\/helix314.com\/index.php\/wp-json\/wp\/v2\/pages\/329\/revisions"}],"predecessor-version":[{"id":374,"href":"https:\/\/helix314.com\/index.php\/wp-json\/wp\/v2\/pages\/329\/revisions\/374"}],"wp:attachment":[{"href":"https:\/\/helix314.com\/index.php\/wp-json\/wp\/v2\/media?parent=329"}],"curies":[{"name":"wp","href":"https:\/\/api.w.org\/{rel}","templated":true}]}}